{"id":7785,"date":"2024-05-28T18:57:02","date_gmt":"2024-05-28T21:57:02","guid":{"rendered":"https:\/\/www.univ-guyane.fr\/?page_id=7785"},"modified":"2024-05-28T18:57:02","modified_gmt":"2024-05-28T21:57:02","slug":"bachelor-universitaire-de-technologie-but","status":"publish","type":"page","link":"https:\/\/www.univ-guyane.fr\/es\/choisir-sa-formation\/bachelor-universitaire-de-technologie-but\/","title":{"rendered":"Licenciatura Universitaria en Tecnolog\u00eda - BUT"},"content":{"rendered":"<div id=\"fws_69d36386be9c5\"  data-column-margin=\"default\" data-midnight=\"dark\"  class=\"wpb_row vc_row-fluid vc_row\"  style=\"padding-top: 0px; padding-bottom: 0px; \"><div class=\"row-bg-wrap\" data-bg-animation=\"none\" data-bg-animation-delay=\"\" data-bg-overlay=\"false\"><div class=\"inner-wrap row-bg-layer\" ><div class=\"row-bg viewport-desktop\"  style=\"\"><\/div><\/div><\/div><div class=\"row_col_wrap_12 col span_12 dark left\">\n\t<div  class=\"vc_col-sm-12 wpb_column column_container vc_column_container col no-extra-padding inherit_tablet inherit_phone\"  data-padding-pos=\"all\" data-has-bg-color=\"false\" data-bg-color=\"\" data-bg-opacity=\"1\" data-animation=\"\" data-delay=\"0\" >\n\t\t<div class=\"vc_column-inner\" >\n\t\t\t<div class=\"wpb_wrapper\">\n\t\t\t\t<div class='nectar-post-grid-wrap text-color-dark spacing-10px' data-el-settings='{\"post_type\":\"custom\",\"pagination\":\"none\",\"image_size\":\"large\",\"parallax_scrolling\":\"yes\",\"aspect_ratio_image_size\":\"\",\"category_position\":\"default\",\"category_display\":\"default\",\"display_categories\":\"0\",\"display_excerpt\":\"0\",\"excerpt_length\":\"20\",\"content_next_to_image_excerpt_pos\":\"default\",\"display_date\":\"0\",\"display_estimated_reading_time\":\"0\",\"display_author\":\"0\",\"author_functionality\":\"default\",\"author_position\":\"default\",\"color_overlay\":\"\",\"color_overlay_opacity\":\"0.8\",\"color_overlay_hover_opacity\":\"0.5\",\"card_bg_color\":\"\",\"grid_style\":\"content_overlaid\",\"hover_effect\":\"zoom\",\"post_title_overlay\":\"\",\"heading_tag\":\"default\",\"heading_tag_render\":\"default\",\"enable_gallery_lightbox\":\"0\",\"remove_links\":\"0\",\"category_style\":\"underline\",\"overlay_secondary_project_image\":\"\",\"vertical_list_hover_effect\":\"none\",\"vertical_list_read_more\":\"\",\"vertical_list_read_more_style\":\"text\",\"read_more_button\":\"0\",\"animation\":\"none\",\"custom_fields\":\"\",\"custom_fields_location\":\"\",\"display_type\":\"grid\",\"text_content_layout\":\"all_bottom_left\"}' data-style='content_overlaid' data-query='{\"post_type\":\"custom\",\"posts_per_page\":\"-1\",\"order\":\"ASC\",\"orderby\":\"title\",\"offset\":\"0\",\"cpt_name\":\"page\",\"custom_query_tax\":\"85\",\"ignore_sticky_posts\":\"\",\"exclude_current_post\":\"\"}' data-load-more-color='black' data-load-more-text='Load More'><div class=\"nectar-post-grid-filters\" data-active-color=\"default\" data-align=\"default\" data-animation=\"none\" data-sortable=\"\"><div><a href=\"#\" class=\"active all-filter\" data-filter=\"85\" data-total-count=\"5\">Todos<\/a><a href=\"#\" data-filter=\"85\" data-total-count=\"5\">META<\/a><\/div><\/div><div class=\"nectar-post-grid text-opacity-1 text-opacity-hover-1 category-position-before-title\" data-indicator=\"\" data-indicator-style=\"default\" data-indicator-text-color=\"#fff\" data-indicator-color=\"#000\" data-indicator-text=\"View\" data-columns=\"3\" data-hover-effect=\"zoom\" data-text-style=\"default\" data-border-radius=\"5px\" data-grid-item-height=\"30vh\" data-grid-spacing=\"10px\" data-text-layout=\"all_bottom_left\" data-text-color=\"dark\" data-text-hover-color=\"dark\" data-shadow-hover=\"\" data-animation=\"none\" data-animation-stagger=\"90\" data-cat-click=\"default\" style=\"--post-grid-border-radius:5px;\" ><div class=\"nectar-post-grid-item\" data-post-id=\"7419\" data-has-img=\"true\"> <div class=\"inner\"><div class=\"nectar-post-grid-item-bg-wrap\"><div class=\"nectar-el-parallax-scroll__wrap\"><div class=\"nectar-el-parallax-scroll\" data-scroll-animation=\"true\" data-scroll-animation-mobile=\"true\" data-scroll-animation-intensity=\"-0.75\" data-scroll-animation-lerp=\"1\"><div class=\"nectar-post-grid-item-bg-wrap-inner\"><div class=\"nectar-post-grid-item-bg\"><img decoding=\"async\" width=\"600\" height=\"600\" src=\"https:\/\/www.univ-guyane.fr\/wp-content\/uploads\/formations-iut-universite-de-guyane-min-thumb.svg\" class=\"attachment-large size-large wp-post-image\" alt=\"couleur IUT\" \/><\/div><\/div><\/div><\/div><\/div><div class=\"bg-overlay\"  data-opacity=\"0.8\" data-hover-opacity=\"0.5\"><\/div><div class=\"content\"><a class=\"nectar-post-grid-link\" href=\"https:\/\/www.univ-guyane.fr\/es\/choisir-sa-formation\/iut\/but-carrieres-sociales\/\" ><span class=\"screen-reader-text\">PERO Carreras Sociales<\/span><\/a><div class=\"item-main\"><h3 class=\"post-heading\"><span>PERO Carreras Sociales<\/span><\/h3><\/div><\/div><\/div><\/div><div class=\"nectar-post-grid-item\" data-post-id=\"7397\" data-has-img=\"true\"> <div class=\"inner\"><div class=\"nectar-post-grid-item-bg-wrap\"><div class=\"nectar-el-parallax-scroll__wrap\"><div class=\"nectar-el-parallax-scroll\" data-scroll-animation=\"true\" data-scroll-animation-mobile=\"true\" data-scroll-animation-intensity=\"-0.75\" data-scroll-animation-lerp=\"1\"><div class=\"nectar-post-grid-item-bg-wrap-inner\"><div class=\"nectar-post-grid-item-bg\"><img decoding=\"async\" width=\"600\" height=\"600\" src=\"https:\/\/www.univ-guyane.fr\/wp-content\/uploads\/formations-iut-universite-de-guyane-min-thumb.svg\" class=\"attachment-large size-large wp-post-image\" alt=\"couleur IUT\" \/><\/div><\/div><\/div><\/div><\/div><div class=\"bg-overlay\"  data-opacity=\"0.8\" data-hover-opacity=\"0.5\"><\/div><div class=\"content\"><a class=\"nectar-post-grid-link\" href=\"https:\/\/www.univ-guyane.fr\/es\/choisir-sa-formation\/iut\/but-genie-civil-et-construction-durable\/\" ><span class=\"screen-reader-text\">Ingenier\u00eda Civil y Construcci\u00f3n Sostenible<\/span><\/a><div class=\"item-main\"><h3 class=\"post-heading\"><span>Ingenier\u00eda Civil y Construcci\u00f3n Sostenible<\/span><\/h3><\/div><\/div><\/div><\/div><div class=\"nectar-post-grid-item\" data-post-id=\"7404\" data-has-img=\"true\"> <div class=\"inner\"><div class=\"nectar-post-grid-item-bg-wrap\"><div class=\"nectar-el-parallax-scroll__wrap\"><div class=\"nectar-el-parallax-scroll\" data-scroll-animation=\"true\" data-scroll-animation-mobile=\"true\" data-scroll-animation-intensity=\"-0.75\" data-scroll-animation-lerp=\"1\"><div class=\"nectar-post-grid-item-bg-wrap-inner\"><div class=\"nectar-post-grid-item-bg\"><img decoding=\"async\" width=\"600\" height=\"600\" src=\"https:\/\/www.univ-guyane.fr\/wp-content\/uploads\/formations-iut-universite-de-guyane-min-thumb.svg\" class=\"attachment-large size-large wp-post-image\" alt=\"couleur IUT\" \/><\/div><\/div><\/div><\/div><\/div><div class=\"bg-overlay\"  data-opacity=\"0.8\" data-hover-opacity=\"0.5\"><\/div><div class=\"content\"><a class=\"nectar-post-grid-link\" href=\"https:\/\/www.univ-guyane.fr\/es\/choisir-sa-formation\/iut\/but-genie-electrique-et-informatique-industrielle\/\" ><span class=\"screen-reader-text\">Ingenier\u00eda El\u00e9ctrica e Inform\u00e1tica Industrial<\/span><\/a><div class=\"item-main\"><h3 class=\"post-heading\"><span>Ingenier\u00eda El\u00e9ctrica e Inform\u00e1tica Industrial<\/span><\/h3><\/div><\/div><\/div><\/div><div class=\"nectar-post-grid-item\" data-post-id=\"7410\" data-has-img=\"true\"> <div class=\"inner\"><div class=\"nectar-post-grid-item-bg-wrap\"><div class=\"nectar-el-parallax-scroll__wrap\"><div class=\"nectar-el-parallax-scroll\" data-scroll-animation=\"true\" data-scroll-animation-mobile=\"true\" data-scroll-animation-intensity=\"-0.75\" data-scroll-animation-lerp=\"1\"><div class=\"nectar-post-grid-item-bg-wrap-inner\"><div class=\"nectar-post-grid-item-bg\"><img decoding=\"async\" width=\"600\" height=\"600\" src=\"https:\/\/www.univ-guyane.fr\/wp-content\/uploads\/formations-iut-universite-de-guyane-min-thumb.svg\" class=\"attachment-large size-large wp-post-image\" alt=\"couleur IUT\" \/><\/div><\/div><\/div><\/div><\/div><div class=\"bg-overlay\"  data-opacity=\"0.8\" data-hover-opacity=\"0.5\"><\/div><div class=\"content\"><a class=\"nectar-post-grid-link\" href=\"https:\/\/www.univ-guyane.fr\/es\/choisir-sa-formation\/iut\/but-reseaux-et-telecom-cybersecurite\/\" ><span class=\"screen-reader-text\">PERO Redes y telecomunicaciones - Ciberseguridad<\/span><\/a><div class=\"item-main\"><h3 class=\"post-heading\"><span>PERO Redes y telecomunicaciones - Ciberseguridad<\/span><\/h3><\/div><\/div><\/div><\/div><div class=\"nectar-post-grid-item\" data-post-id=\"7415\" data-has-img=\"true\"> <div class=\"inner\"><div class=\"nectar-post-grid-item-bg-wrap\"><div class=\"nectar-el-parallax-scroll__wrap\"><div class=\"nectar-el-parallax-scroll\" data-scroll-animation=\"true\" data-scroll-animation-mobile=\"true\" data-scroll-animation-intensity=\"-0.75\" data-scroll-animation-lerp=\"1\"><div class=\"nectar-post-grid-item-bg-wrap-inner\"><div class=\"nectar-post-grid-item-bg\"><img decoding=\"async\" width=\"600\" height=\"600\" src=\"https:\/\/www.univ-guyane.fr\/wp-content\/uploads\/formations-iut-universite-de-guyane-min-thumb.svg\" class=\"attachment-large size-large wp-post-image\" alt=\"couleur IUT\" \/><\/div><\/div><\/div><\/div><\/div><div class=\"bg-overlay\"  data-opacity=\"0.8\" data-hover-opacity=\"0.5\"><\/div><div class=\"content\"><a class=\"nectar-post-grid-link\" href=\"https:\/\/www.univ-guyane.fr\/es\/choisir-sa-formation\/iut\/but-techniques-de-commercialisation\/\" ><span class=\"screen-reader-text\">T\u00e9cnicas de marketing<\/span><\/a><div class=\"item-main\"><h3 class=\"post-heading\"><span>T\u00e9cnicas de marketing<\/span><\/h3><\/div><\/div><\/div><\/div><\/div><\/div>\n\t\t\t<\/div> \n\t\t<\/div>\n\t<\/div> \n<\/div><\/div>","protected":false},"excerpt":{"rendered":"Constituyente : IUT de Kourou \u00c1mbito: Derecho, econom\u00eda y gesti\u00f3n. Especializaci\u00f3n: Licenciatura universitaria en tecnolog\u00eda...","protected":false},"author":1,"featured_media":0,"parent":6143,"menu_order":0,"comment_status":"closed","ping_status":"closed","template":"","meta":{"iawp_total_views":1401,"footnotes":""},"categories":[],"tags":[],"class_list":["post-7785","page","type-page","status-publish"],"yoast_head":"<!-- This site is optimized with the Yoast SEO plugin v27.3 - https:\/\/yoast.com\/product\/yoast-seo-wordpress\/ -->\n<title>Bachelor Universitaire de Technologie - BUT &#8212; Universit\u00e9 de Guyane<\/title>\n<meta name=\"description\" content=\"Offres de formations Bachelor Universitaire de Technologie BUT \u00e0 l&#039;universit\u00e9 de Guyane.\" \/>\n<meta name=\"robots\" content=\"index, follow, max-snippet:-1, max-image-preview:large, max-video-preview:-1\" \/>\n<link rel=\"canonical\" href=\"https:\/\/www.univ-guyane.fr\/es\/choisir-sa-formation\/bachelor-universitaire-de-technologie-but\/\" \/>\n<meta property=\"og:locale\" content=\"es_ES\" \/>\n<meta property=\"og:type\" content=\"article\" \/>\n<meta property=\"og:title\" content=\"Bachelor Universitaire de Technologie - BUT &#8212; Universit\u00e9 de Guyane\" \/>\n<meta property=\"og:description\" content=\"Offres de formations Bachelor Universitaire de Technologie BUT \u00e0 l&#039;universit\u00e9 de Guyane.\" \/>\n<meta property=\"og:url\" content=\"https:\/\/www.univ-guyane.fr\/es\/choisir-sa-formation\/bachelor-universitaire-de-technologie-but\/\" \/>\n<meta property=\"og:site_name\" content=\"Universit\u00e9 de Guyane\" \/>\n<meta property=\"article:publisher\" content=\"https:\/\/www.facebook.com\/univguyane\" \/>\n<meta property=\"og:image\" content=\"https:\/\/www.univ-guyane.fr\/wp-content\/uploads\/www-site-universite-de-guyane.jpg\" \/>\n\t<meta property=\"og:image:width\" content=\"1200\" \/>\n\t<meta property=\"og:image:height\" content=\"653\" \/>\n\t<meta property=\"og:image:type\" content=\"image\/jpeg\" \/>\n<meta name=\"twitter:card\" content=\"summary_large_image\" \/>\n<meta name=\"twitter:site\" content=\"@univguyane\" \/>\n<meta name=\"twitter:label1\" content=\"Tiempo de lectura\" \/>\n\t<meta name=\"twitter:data1\" content=\"1 minuto\" \/>\n<script type=\"application\/ld+json\" class=\"yoast-schema-graph\">{\"@context\":\"https:\\\/\\\/schema.org\",\"@graph\":[{\"@type\":\"WebPage\",\"@id\":\"https:\\\/\\\/www.univ-guyane.fr\\\/choisir-sa-formation\\\/bachelor-universitaire-de-technologie-but\\\/\",\"url\":\"https:\\\/\\\/www.univ-guyane.fr\\\/choisir-sa-formation\\\/bachelor-universitaire-de-technologie-but\\\/\",\"name\":\"Bachelor Universitaire de Technologie - BUT &#8212; Universit\u00e9 de Guyane\",\"isPartOf\":{\"@id\":\"https:\\\/\\\/www.univ-guyane.fr\\\/#website\"},\"datePublished\":\"2024-05-28T21:57:02+00:00\",\"description\":\"Offres de formations Bachelor Universitaire de Technologie BUT \u00e0 l'universit\u00e9 de Guyane.\",\"breadcrumb\":{\"@id\":\"https:\\\/\\\/www.univ-guyane.fr\\\/choisir-sa-formation\\\/bachelor-universitaire-de-technologie-but\\\/#breadcrumb\"},\"inLanguage\":\"es\",\"potentialAction\":[{\"@type\":\"ReadAction\",\"target\":[\"https:\\\/\\\/www.univ-guyane.fr\\\/choisir-sa-formation\\\/bachelor-universitaire-de-technologie-but\\\/\"]}]},{\"@type\":\"BreadcrumbList\",\"@id\":\"https:\\\/\\\/www.univ-guyane.fr\\\/choisir-sa-formation\\\/bachelor-universitaire-de-technologie-but\\\/#breadcrumb\",\"itemListElement\":[{\"@type\":\"ListItem\",\"position\":1,\"name\":\"Accueil\",\"item\":\"https:\\\/\\\/www.univ-guyane.fr\\\/\"},{\"@type\":\"ListItem\",\"position\":2,\"name\":\"Choisir sa formation\",\"item\":\"https:\\\/\\\/www.univ-guyane.fr\\\/choisir-sa-formation\\\/\"},{\"@type\":\"ListItem\",\"position\":3,\"name\":\"Bachelor Universitaire de Technologie &#8211; BUT\"}]},{\"@type\":\"WebSite\",\"@id\":\"https:\\\/\\\/www.univ-guyane.fr\\\/#website\",\"url\":\"https:\\\/\\\/www.univ-guyane.fr\\\/\",\"name\":\"Universit\u00e9 de Guyane\",\"description\":\"Au c\u0153ur de l&#039;amazonie\",\"publisher\":{\"@id\":\"https:\\\/\\\/www.univ-guyane.fr\\\/#organization\"},\"alternateName\":\"UG\",\"potentialAction\":[{\"@type\":\"SearchAction\",\"target\":{\"@type\":\"EntryPoint\",\"urlTemplate\":\"https:\\\/\\\/www.univ-guyane.fr\\\/?s={search_term_string}\"},\"query-input\":{\"@type\":\"PropertyValueSpecification\",\"valueRequired\":true,\"valueName\":\"search_term_string\"}}],\"inLanguage\":\"es\"},{\"@type\":\"Organization\",\"@id\":\"https:\\\/\\\/www.univ-guyane.fr\\\/#organization\",\"name\":\"Universit\u00e9 de Guyane\",\"alternateName\":\"UG\",\"url\":\"https:\\\/\\\/www.univ-guyane.fr\\\/\",\"logo\":{\"@type\":\"ImageObject\",\"inLanguage\":\"es\",\"@id\":\"https:\\\/\\\/www.univ-guyane.fr\\\/#\\\/schema\\\/logo\\\/image\\\/\",\"url\":\"https:\\\/\\\/www.univ-guyane.fr\\\/wp-content\\\/uploads\\\/2024\\\/05\\\/f.png\",\"contentUrl\":\"https:\\\/\\\/www.univ-guyane.fr\\\/wp-content\\\/uploads\\\/2024\\\/05\\\/f.png\",\"width\":1024,\"height\":1024,\"caption\":\"Universit\u00e9 de Guyane\"},\"image\":{\"@id\":\"https:\\\/\\\/www.univ-guyane.fr\\\/#\\\/schema\\\/logo\\\/image\\\/\"},\"sameAs\":[\"https:\\\/\\\/www.facebook.com\\\/univguyane\",\"https:\\\/\\\/x.com\\\/univguyane\",\"https:\\\/\\\/gf.linkedin.com\\\/school\\\/universite-de-guyane\\\/\",\"https:\\\/\\\/www.instagram.com\\\/univ_guyane\\\/\"]}]}<\/script>\n<!-- \/ Yoast SEO plugin. -->","yoast_head_json":{"title":"Licenciatura Universitaria en Tecnolog\u00eda - BUT - Universidad de Guyana","description":"Ofertas de cursos de formaci\u00f3n Bachelor Universitaire de Technologie BUT en la Universidad de Guyana.","robots":{"index":"index","follow":"follow","max-snippet":"max-snippet:-1","max-image-preview":"max-image-preview:large","max-video-preview":"max-video-preview:-1"},"canonical":"https:\/\/www.univ-guyane.fr\/es\/choisir-sa-formation\/bachelor-universitaire-de-technologie-but\/","og_locale":"es_ES","og_type":"article","og_title":"Bachelor Universitaire de Technologie - BUT &#8212; Universit\u00e9 de Guyane","og_description":"Offres de formations Bachelor Universitaire de Technologie BUT \u00e0 l'universit\u00e9 de Guyane.","og_url":"https:\/\/www.univ-guyane.fr\/es\/choisir-sa-formation\/bachelor-universitaire-de-technologie-but\/","og_site_name":"Universit\u00e9 de Guyane","article_publisher":"https:\/\/www.facebook.com\/univguyane","og_image":[{"width":1200,"height":653,"url":"https:\/\/www.univ-guyane.fr\/wp-content\/uploads\/www-site-universite-de-guyane.jpg","type":"image\/jpeg"}],"twitter_card":"summary_large_image","twitter_site":"@univguyane","twitter_misc":{"Tiempo de lectura":"1 minuto"},"schema":{"@context":"https:\/\/schema.org","@graph":[{"@type":"WebPage","@id":"https:\/\/www.univ-guyane.fr\/choisir-sa-formation\/bachelor-universitaire-de-technologie-but\/","url":"https:\/\/www.univ-guyane.fr\/choisir-sa-formation\/bachelor-universitaire-de-technologie-but\/","name":"Licenciatura Universitaria en Tecnolog\u00eda - BUT - Universidad de Guyana","isPartOf":{"@id":"https:\/\/www.univ-guyane.fr\/#website"},"datePublished":"2024-05-28T21:57:02+00:00","description":"Ofertas de cursos de formaci\u00f3n Bachelor Universitaire de Technologie BUT en la Universidad de Guyana.","breadcrumb":{"@id":"https:\/\/www.univ-guyane.fr\/choisir-sa-formation\/bachelor-universitaire-de-technologie-but\/#breadcrumb"},"inLanguage":"es","potentialAction":[{"@type":"ReadAction","target":["https:\/\/www.univ-guyane.fr\/choisir-sa-formation\/bachelor-universitaire-de-technologie-but\/"]}]},{"@type":"BreadcrumbList","@id":"https:\/\/www.univ-guyane.fr\/choisir-sa-formation\/bachelor-universitaire-de-technologie-but\/#breadcrumb","itemListElement":[{"@type":"ListItem","position":1,"name":"Accueil","item":"https:\/\/www.univ-guyane.fr\/"},{"@type":"ListItem","position":2,"name":"Choisir sa formation","item":"https:\/\/www.univ-guyane.fr\/choisir-sa-formation\/"},{"@type":"ListItem","position":3,"name":"Bachelor Universitaire de Technologie &#8211; BUT"}]},{"@type":"WebSite","@id":"https:\/\/www.univ-guyane.fr\/#website","url":"https:\/\/www.univ-guyane.fr\/","name":"Universidad de Guyana","description":"En el coraz\u00f3n de la Amazonia","publisher":{"@id":"https:\/\/www.univ-guyane.fr\/#organization"},"alternateName":"UG","potentialAction":[{"@type":"SearchAction","target":{"@type":"EntryPoint","urlTemplate":"https:\/\/www.univ-guyane.fr\/?s={search_term_string}"},"query-input":{"@type":"PropertyValueSpecification","valueRequired":true,"valueName":"search_term_string"}}],"inLanguage":"es"},{"@type":"Organization","@id":"https:\/\/www.univ-guyane.fr\/#organization","name":"Universidad de Guyana","alternateName":"UG","url":"https:\/\/www.univ-guyane.fr\/","logo":{"@type":"ImageObject","inLanguage":"es","@id":"https:\/\/www.univ-guyane.fr\/#\/schema\/logo\/image\/","url":"https:\/\/www.univ-guyane.fr\/wp-content\/uploads\/2024\/05\/f.png","contentUrl":"https:\/\/www.univ-guyane.fr\/wp-content\/uploads\/2024\/05\/f.png","width":1024,"height":1024,"caption":"Universit\u00e9 de Guyane"},"image":{"@id":"https:\/\/www.univ-guyane.fr\/#\/schema\/logo\/image\/"},"sameAs":["https:\/\/www.facebook.com\/univguyane","https:\/\/x.com\/univguyane","https:\/\/gf.linkedin.com\/school\/universite-de-guyane\/","https:\/\/www.instagram.com\/univ_guyane\/"]}]}},"_links":{"self":[{"href":"https:\/\/www.univ-guyane.fr\/es\/wp-json\/wp\/v2\/pages\/7785","targetHints":{"allow":["GET"]}}],"collection":[{"href":"https:\/\/www.univ-guyane.fr\/es\/wp-json\/wp\/v2\/pages"}],"about":[{"href":"https:\/\/www.univ-guyane.fr\/es\/wp-json\/wp\/v2\/types\/page"}],"author":[{"embeddable":true,"href":"https:\/\/www.univ-guyane.fr\/es\/wp-json\/wp\/v2\/users\/1"}],"replies":[{"embeddable":true,"href":"https:\/\/www.univ-guyane.fr\/es\/wp-json\/wp\/v2\/comments?post=7785"}],"version-history":[{"count":1,"href":"https:\/\/www.univ-guyane.fr\/es\/wp-json\/wp\/v2\/pages\/7785\/revisions"}],"predecessor-version":[{"id":7786,"href":"https:\/\/www.univ-guyane.fr\/es\/wp-json\/wp\/v2\/pages\/7785\/revisions\/7786"}],"up":[{"embeddable":true,"href":"https:\/\/www.univ-guyane.fr\/es\/wp-json\/wp\/v2\/pages\/6143"}],"wp:attachment":[{"href":"https:\/\/www.univ-guyane.fr\/es\/wp-json\/wp\/v2\/media?parent=7785"}],"wp:term":[{"taxonomy":"category","embeddable":true,"href":"https:\/\/www.univ-guyane.fr\/es\/wp-json\/wp\/v2\/categories?post=7785"},{"taxonomy":"post_tag","embeddable":true,"href":"https:\/\/www.univ-guyane.fr\/es\/wp-json\/wp\/v2\/tags?post=7785"}],"curies":[{"name":"wp","href":"https:\/\/api.w.org\/{rel}","templated":true}]}}