{"id":8118,"date":"2024-06-03T15:51:47","date_gmt":"2024-06-03T18:51:47","guid":{"rendered":"https:\/\/www.univ-guyane.fr\/?page_id=8118"},"modified":"2024-06-04T08:33:31","modified_gmt":"2024-06-04T11:33:31","slug":"marches-publics","status":"publish","type":"page","link":"https:\/\/www.univ-guyane.fr\/es\/universite\/marches-publics\/","title":{"rendered":"Contrataci\u00f3n p\u00fablica"},"content":{"rendered":"<div id=\"fws_6a03a7ce2357f\"  data-column-margin=\"default\" data-midnight=\"dark\"  class=\"wpb_row vc_row-fluid vc_row\"  style=\"padding-top: 0px; padding-bottom: 0px; \"><div class=\"row-bg-wrap\" data-bg-animation=\"none\" data-bg-animation-delay=\"\" data-bg-overlay=\"false\"><div class=\"inner-wrap row-bg-layer\" ><div class=\"row-bg viewport-desktop\"  style=\"\"><\/div><\/div><\/div><div class=\"row_col_wrap_12 col span_12 dark left\">\n\t<div  class=\"vc_col-sm-8 wpb_column column_container vc_column_container col no-extra-padding inherit_tablet inherit_phone\"  data-padding-pos=\"all\" data-has-bg-color=\"false\" data-bg-color=\"\" data-bg-opacity=\"1\" data-animation=\"\" data-delay=\"0\" >\n\t\t<div class=\"vc_column-inner\" >\n\t\t\t<div class=\"wpb_wrapper\">\n\t\t\t\t<div class=\"img-with-aniamtion-wrap\" data-max-width=\"100%\" data-max-width-mobile=\"default\" data-border-radius=\"5px\" data-shadow=\"none\" data-animation=\"none\" >\n      <div class=\"inner\">\n        <div class=\"hover-wrap\" data-hover-animation=\"zoom-crop\"> \n          <div class=\"hover-wrap-inner\">\n            <img decoding=\"async\" class=\"img-with-animation skip-lazy\" data-delay=\"0\" height=\"1013\" width=\"1800\" data-animation=\"none\" src=\"https:\/\/www.univ-guyane.fr\/wp-content\/uploads\/marches-publics-universite-de-guyane.jpg\" alt=\"March\u00e9s publics\" srcset=\"https:\/\/www.univ-guyane.fr\/wp-content\/uploads\/marches-publics-universite-de-guyane.jpg 1800w, https:\/\/www.univ-guyane.fr\/wp-content\/uploads\/marches-publics-universite-de-guyane-300x169.jpg 300w, https:\/\/www.univ-guyane.fr\/wp-content\/uploads\/marches-publics-universite-de-guyane-1024x576.jpg 1024w, https:\/\/www.univ-guyane.fr\/wp-content\/uploads\/marches-publics-universite-de-guyane-768x432.jpg 768w, https:\/\/www.univ-guyane.fr\/wp-content\/uploads\/marches-publics-universite-de-guyane-1536x864.jpg 1536w\" sizes=\"(max-width: 1800px) 100vw, 1800px\" \/>\n          <\/div>\n        <\/div>\n        \n      <\/div>\n    <\/div>\n<div class=\"wpb_text_column wpb_content_element  vc_custom_1717440674381\" >\n\t<p><span class=\"nectar-dropcap\" >L<\/span>l Departamento de Asuntos Financieros adjudica los contratos de obras, suministros y servicios para la Universidad, de conformidad con las normas del C\u00f3digo de Contrataci\u00f3n P\u00fablica. Los contratos p\u00fablicos se elaboran en varias etapas. En primer lugar, se realiza un an\u00e1lisis de las necesidades de la Universidad. A partir de las necesidades identificadas en el an\u00e1lisis, se elabora un pliego de condiciones. Una vez validado el pliego de condiciones, se anuncian las compras y se crean comit\u00e9s de licitaci\u00f3n. Por \u00faltimo, se supervisa el rendimiento de los proveedores seleccionados. Para cada caso, puede descargar a continuaci\u00f3n el expediente de consulta. <a href=\"https:\/\/www.univ-guyane.fr\/wp-content\/uploads\/conditions-generales-d-achat-universite-de-guyane.pdf\" target=\"_blank\" rel=\"noopener\">Condiciones de compra<\/a>.<\/p>\n<\/div>\n\n\n\n\n<div class=\"wpb_text_column wpb_content_element  vc_custom_1717440991169\" >\n\t<h3>Licitaciones<\/h3>\n<\/div>\n\n\n\n\n\t\t\t<\/div> \n\t\t<\/div>\n\t<\/div> \n\n\t<div  class=\"vc_col-sm-4 wpb_column column_container vc_column_container col no-extra-padding inherit_tablet inherit_phone\"  data-padding-pos=\"all\" data-has-bg-color=\"false\" data-bg-color=\"\" data-bg-opacity=\"1\" data-animation=\"\" data-delay=\"0\" >\n\t\t<div class=\"vc_column-inner\" >\n\t\t\t<div class=\"wpb_wrapper\">\n\t\t\t\t\n\t<div class=\"wpb_widgetised_column wpb_content_element\">\n\t\t<div id=\"sidebar\" data-nectar-ss=\"\" class=\"wpb_wrapper\">\n\t\t\t<div id=\"nectar_popular_posts-1\" class=\"widget nectar_popular_posts_widget\"><ul class=\"nectar_blog_posts_popular nectar_widget\" data-style=\"hover-featured-image\"><li class=\"has-img\" data-views=\"15685\"><a href=\"https:\/\/www.univ-guyane.fr\/es\/2025\/02\/25\/campagne-fsdie-2025-2026-1e-campagne\/\"> <div class=\"popular-featured-img\" style=\"background-image: url(https:\/\/www.univ-guyane.fr\/wp-content\/uploads\/FSDIE-2025-600x403.jpg);\"><\/div><span class=\"meta-wrap\"><span class=\"post-title\">Campa\u00f1a FSDIE 2025-2026 - 1\u00aa campa\u00f1a<\/span> <span class=\"post-date\">25\/02\/2025<\/span><\/span><\/a><\/li><li class=\"has-img\" data-views=\"15648\"><a href=\"https:\/\/www.univ-guyane.fr\/es\/2025\/05\/21\/campagne-fsdie-2024-2025-s2\/\"> <div class=\"popular-featured-img\" style=\"background-image: url(https:\/\/www.univ-guyane.fr\/wp-content\/uploads\/fsdie-2024-troisieme-campagne-universite-de-guyane-600x403.jpg);\"><\/div><span class=\"meta-wrap\"><span class=\"post-title\">FSDIE 2024-2025 Campa\u00f1a - Semestre 2<\/span> <span class=\"post-date\">21\/05\/2025<\/span><\/span><\/a><\/li><li class=\"has-img\" data-views=\"15135\"><a href=\"https:\/\/www.univ-guyane.fr\/es\/2024\/05\/30\/engagee-en-faveur-de-legalite-des-chances\/\"> <div class=\"popular-featured-img\" style=\"background-image: url(https:\/\/www.univ-guyane.fr\/wp-content\/uploads\/Portrait-de-naelle-site-600x403.jpg);\"><\/div><span class=\"meta-wrap\"><span class=\"post-title\">Na\u00eblle, comprometida con la igualdad de oportunidades<\/span> <span class=\"post-date\">30\/05\/2024<\/span><\/span><\/a><\/li><li class=\"has-img\" data-views=\"14622\"><a href=\"https:\/\/www.univ-guyane.fr\/es\/2025\/01\/16\/campagne-fsdie-2025-2026\/\"> <div class=\"popular-featured-img\" style=\"background-image: url(https:\/\/www.univ-guyane.fr\/wp-content\/uploads\/fsdie-2024-troisieme-campagne-universite-de-guyane-600x403.jpg);\"><\/div><span class=\"meta-wrap\"><span class=\"post-title\">Campa\u00f1a FSDIE 2025-2026<\/span> <span class=\"post-date\">16\/01\/2025<\/span><\/span><\/a><\/li><li class=\"has-img\" data-views=\"14568\"><a href=\"https:\/\/www.univ-guyane.fr\/es\/2024\/07\/05\/contrats-doctoraux-attribues-pour-des-theses-innovantes-en-amazonie-et-en-guyane\/\"> <div class=\"popular-featured-img\" style=\"background-image: url(https:\/\/www.univ-guyane.fr\/wp-content\/uploads\/Contrats-doctoraux-attribues-pour-des-theses-innovantes-en-Amazonie-et-en-Guyane-600x403.jpg);\"><\/div><span class=\"meta-wrap\"><span class=\"post-title\">Contratos de doctorado para tesis innovadoras en la Amazonia y la Guayana Francesa<\/span> <span class=\"post-date\">05\/07\/2024<\/span><\/span><\/a><\/li><\/ul><\/div><div id=\"tag_cloud-1\" class=\"widget widget_tag_cloud\"><h4>Etiquetas<\/h4><div class=\"tagcloud\"><a href=\"https:\/\/www.univ-guyane.fr\/es\/tag\/aibsi\/\" class=\"tag-cloud-link tag-link-182 tag-link-position-1\" style=\"font-size: 13.946902654867pt;\" aria-label=\"AIBSI (5 elementos)\">AIBSI<\/a>\n<a href=\"https:\/\/www.univ-guyane.fr\/es\/tag\/amazonie\/\" class=\"tag-cloud-link tag-link-317 tag-link-position-2\" style=\"font-size: 8pt;\" aria-label=\"Amazonia (1 elemento)\">Amazon<\/a>\n<a href=\"https:\/\/www.univ-guyane.fr\/es\/tag\/ambassadeurs\/\" class=\"tag-cloud-link tag-link-325 tag-link-position-3\" style=\"font-size: 8pt;\" aria-label=\"Embajadores (1 elemento)\">Embajadores<\/a>\n<a href=\"https:\/\/www.univ-guyane.fr\/es\/tag\/banque-des-territoires\/\" class=\"tag-cloud-link tag-link-343 tag-link-position-4\" style=\"font-size: 8pt;\" aria-label=\"Banque des territoires (1 elemento)\">Banco de los Territorios<\/a>\n<a href=\"https:\/\/www.univ-guyane.fr\/es\/tag\/bresil\/\" class=\"tag-cloud-link tag-link-296 tag-link-position-5\" style=\"font-size: 12.955752212389pt;\" aria-label=\"Brasil (4 elementos)\">Brasil<\/a>\n<a href=\"https:\/\/www.univ-guyane.fr\/es\/tag\/bve\/\" class=\"tag-cloud-link tag-link-166 tag-link-position-6\" style=\"font-size: 12.955752212389pt;\" aria-label=\"BVE (4 elementos)\">BVE<\/a>\n<a href=\"https:\/\/www.univ-guyane.fr\/es\/tag\/belem\/\" class=\"tag-cloud-link tag-link-297 tag-link-position-7\" style=\"font-size: 12.955752212389pt;\" aria-label=\"Bel\u00e9m (4 elementos)\">B\u00e9lem<\/a>\n<a href=\"https:\/\/www.univ-guyane.fr\/es\/tag\/changement-climatique\/\" class=\"tag-cloud-link tag-link-326 tag-link-position-8\" style=\"font-size: 8pt;\" aria-label=\"Cambio clim\u00e1tico (1 elemento)\">Cambio clim\u00e1tico<\/a>\n<a href=\"https:\/\/www.univ-guyane.fr\/es\/tag\/charte-graphique\/\" class=\"tag-cloud-link tag-link-342 tag-link-position-9\" style=\"font-size: 8pt;\" aria-label=\"carta gr\u00e1fica (1 elemento)\">carta gr\u00e1fica<\/a>\n<a href=\"https:\/\/www.univ-guyane.fr\/es\/tag\/colloque\/\" class=\"tag-cloud-link tag-link-314 tag-link-position-10\" style=\"font-size: 8pt;\" aria-label=\"Conferencia (1 elemento)\">Conferencia<\/a>\n<a href=\"https:\/\/www.univ-guyane.fr\/es\/tag\/concours\/\" class=\"tag-cloud-link tag-link-11 tag-link-position-11\" style=\"font-size: 10.230088495575pt;\" aria-label=\"Competencia (2 elementos)\">Concurso<\/a>\n<a href=\"https:\/\/www.univ-guyane.fr\/es\/tag\/conference\/\" class=\"tag-cloud-link tag-link-174 tag-link-position-12\" style=\"font-size: 11.716814159292pt;\" aria-label=\"Conferencia (3 elementos)\">Conferencia<\/a>\n<a href=\"https:\/\/www.univ-guyane.fr\/es\/tag\/cop30\/\" class=\"tag-cloud-link tag-link-318 tag-link-position-13\" style=\"font-size: 11.716814159292pt;\" aria-label=\"COP30 (3 elementos)\">COP30<\/a>\n<a href=\"https:\/\/www.univ-guyane.fr\/es\/tag\/cordee-de-la-reussite\/\" class=\"tag-cloud-link tag-link-199 tag-link-position-14\" style=\"font-size: 10.230088495575pt;\" aria-label=\"Cord\u00e9e de la r\u00e9ussite (2 elements)\">Cord\u00f3n umbilical<\/a>\n<a href=\"https:\/\/www.univ-guyane.fr\/es\/tag\/covapam\/\" class=\"tag-cloud-link tag-link-178 tag-link-position-15\" style=\"font-size: 11.716814159292pt;\" aria-label=\"COVAPAM (3 elementos)\">COVAPAM<\/a>\n<a href=\"https:\/\/www.univ-guyane.fr\/es\/tag\/dfpu\/\" class=\"tag-cloud-link tag-link-288 tag-link-position-16\" style=\"font-size: 12.955752212389pt;\" aria-label=\"DFPU (4 elementos)\">DFPU<\/a>\n<a href=\"https:\/\/www.univ-guyane.fr\/es\/tag\/dirved\/\" class=\"tag-cloud-link tag-link-282 tag-link-position-17\" style=\"font-size: 10.230088495575pt;\" aria-label=\"DIRVED (2 elementos)\">DIRVED<\/a>\n<a href=\"https:\/\/www.univ-guyane.fr\/es\/tag\/dnum\/\" class=\"tag-cloud-link tag-link-320 tag-link-position-18\" style=\"font-size: 8pt;\" aria-label=\"DNUM (1 elemento)\">DNUM<\/a>\n<a href=\"https:\/\/www.univ-guyane.fr\/es\/tag\/environnement\/\" class=\"tag-cloud-link tag-link-293 tag-link-position-19\" style=\"font-size: 10.230088495575pt;\" aria-label=\"Medio ambiente (2 elementos)\">Medio ambiente<\/a>\n<a href=\"https:\/\/www.univ-guyane.fr\/es\/tag\/erasmus\/\" class=\"tag-cloud-link tag-link-173 tag-link-position-20\" style=\"font-size: 12.955752212389pt;\" aria-label=\"Erasmus+ (4 elementos)\">Erasmus<\/a>\n<a href=\"https:\/\/www.univ-guyane.fr\/es\/tag\/financement\/\" class=\"tag-cloud-link tag-link-164 tag-link-position-21\" style=\"font-size: 12.955752212389pt;\" aria-label=\"Financiaci\u00f3n (4 elementos)\">Financiaci\u00f3n<\/a>\n<a href=\"https:\/\/www.univ-guyane.fr\/es\/tag\/formation-continue\/\" class=\"tag-cloud-link tag-link-323 tag-link-position-22\" style=\"font-size: 8pt;\" aria-label=\"Formaci\u00f3n continua (1 elemento)\">Formaci\u00f3n continua<\/a>\n<a href=\"https:\/\/www.univ-guyane.fr\/es\/tag\/foret\/\" class=\"tag-cloud-link tag-link-313 tag-link-position-23\" style=\"font-size: 8pt;\" aria-label=\"Bosque (1 elemento)\">Bosque<\/a>\n<a href=\"https:\/\/www.univ-guyane.fr\/es\/tag\/fsdie\/\" class=\"tag-cloud-link tag-link-165 tag-link-position-24\" style=\"font-size: 12.955752212389pt;\" aria-label=\"FSDIE (4 elementos)\">FSDIE<\/a>\n<a href=\"https:\/\/www.univ-guyane.fr\/es\/tag\/guyomique\/\" class=\"tag-cloud-link tag-link-344 tag-link-position-25\" style=\"font-size: 8pt;\" aria-label=\"Guyomique (1 elemento)\">Guyomique<\/a>\n<a href=\"https:\/\/www.univ-guyane.fr\/es\/tag\/identite-visuelle\/\" class=\"tag-cloud-link tag-link-341 tag-link-position-26\" style=\"font-size: 8pt;\" aria-label=\"identidad visual (1 elemento)\">identidad visual<\/a>\n<a href=\"https:\/\/www.univ-guyane.fr\/es\/tag\/international\/\" class=\"tag-cloud-link tag-link-172 tag-link-position-27\" style=\"font-size: 12.955752212389pt;\" aria-label=\"Internacional (4 elementos)\">Internacional<\/a>\n<a href=\"https:\/\/www.univ-guyane.fr\/es\/tag\/laboratoires\/\" class=\"tag-cloud-link tag-link-177 tag-link-position-28\" style=\"font-size: 16.053097345133pt;\" aria-label=\"Laboratorios (8 elementos)\">Laboratorios<\/a>\n<a href=\"https:\/\/www.univ-guyane.fr\/es\/tag\/leeisa\/\" class=\"tag-cloud-link tag-link-193 tag-link-position-29\" style=\"font-size: 13.946902654867pt;\" aria-label=\"LEEISA (5 elementos)\">LEEISA<\/a>\n<a href=\"https:\/\/www.univ-guyane.fr\/es\/tag\/litterature\/\" class=\"tag-cloud-link tag-link-316 tag-link-position-30\" style=\"font-size: 8pt;\" aria-label=\"Literatura (1 elemento)\">Literatura<\/a>\n<a href=\"https:\/\/www.univ-guyane.fr\/es\/tag\/logotype\/\" class=\"tag-cloud-link tag-link-340 tag-link-position-31\" style=\"font-size: 8pt;\" aria-label=\"logotipo (1 elemento)\">logotipo<\/a>\n<a href=\"https:\/\/www.univ-guyane.fr\/es\/tag\/materiels-informatiques\/\" class=\"tag-cloud-link tag-link-319 tag-link-position-32\" style=\"font-size: 8pt;\" aria-label=\"equipos inform\u00e1ticos (1 elemento)\">Equipos inform\u00e1ticos<\/a>\n<a href=\"https:\/\/www.univ-guyane.fr\/es\/tag\/medef\/\" class=\"tag-cloud-link tag-link-181 tag-link-position-33\" style=\"font-size: 10.230088495575pt;\" aria-label=\"MEDEF (2 elementos)\">MEDEF<\/a>\n<a href=\"https:\/\/www.univ-guyane.fr\/es\/tag\/minea\/\" class=\"tag-cloud-link tag-link-191 tag-link-position-34\" style=\"font-size: 12.955752212389pt;\" aria-label=\"MINEA (4 elementos)\">MINEA<\/a>\n<a href=\"https:\/\/www.univ-guyane.fr\/es\/tag\/mt180\/\" class=\"tag-cloud-link tag-link-185 tag-link-position-35\" style=\"font-size: 10.230088495575pt;\" aria-label=\"MT180 (2 elementos)\">MT180<\/a>\n<a href=\"https:\/\/www.univ-guyane.fr\/es\/tag\/portraits\/\" class=\"tag-cloud-link tag-link-197 tag-link-position-36\" style=\"font-size: 22pt;\" aria-label=\"Retratos (26 elementos)\">Retratos<\/a>\n<a href=\"https:\/\/www.univ-guyane.fr\/es\/tag\/projets\/\" class=\"tag-cloud-link tag-link-163 tag-link-position-37\" style=\"font-size: 12.955752212389pt;\" aria-label=\"Proyectos (4 elementos)\">Proyectos<\/a>\n<a href=\"https:\/\/www.univ-guyane.fr\/es\/tag\/pepite\/\" class=\"tag-cloud-link tag-link-198 tag-link-position-38\" style=\"font-size: 11.716814159292pt;\" aria-label=\"Pepita (3 elementos)\">Pepita<\/a>\n<a href=\"https:\/\/www.univ-guyane.fr\/es\/tag\/recherche\/\" class=\"tag-cloud-link tag-link-180 tag-link-position-39\" style=\"font-size: 10.230088495575pt;\" aria-label=\"B\u00fasqueda (2 elementos)\">Buscar en<\/a>\n<a href=\"https:\/\/www.univ-guyane.fr\/es\/tag\/sante\/\" class=\"tag-cloud-link tag-link-287 tag-link-position-40\" style=\"font-size: 10.230088495575pt;\" aria-label=\"Salud (2 elementos)\">Salud<\/a>\n<a href=\"https:\/\/www.univ-guyane.fr\/es\/tag\/stagiaires\/\" class=\"tag-cloud-link tag-link-322 tag-link-position-41\" style=\"font-size: 8pt;\" aria-label=\"Becarios (1 elemento)\">Becarios<\/a>\n<a href=\"https:\/\/www.univ-guyane.fr\/es\/tag\/seminaire\/\" class=\"tag-cloud-link tag-link-274 tag-link-position-42\" style=\"font-size: 10.230088495575pt;\" aria-label=\"Seminario (2 elementos)\">Seminario<\/a>\n<a href=\"https:\/\/www.univ-guyane.fr\/es\/tag\/team-building\/\" class=\"tag-cloud-link tag-link-321 tag-link-position-43\" style=\"font-size: 10.230088495575pt;\" aria-label=\"Creaci\u00f3n de equipos (2 elementos)\">Team Building<\/a>\n<a href=\"https:\/\/www.univ-guyane.fr\/es\/tag\/ecole-doctorale\/\" class=\"tag-cloud-link tag-link-186 tag-link-position-44\" style=\"font-size: 14.814159292035pt;\" aria-label=\"Escuela de doctorado (6 elementos)\">Escuela de doctorado<\/a>\n<a href=\"https:\/\/www.univ-guyane.fr\/es\/tag\/etudiants\/\" class=\"tag-cloud-link tag-link-324 tag-link-position-45\" style=\"font-size: 8pt;\" aria-label=\"Estudiantes (1 elemento)\">Estudiantes<\/a><\/div>\n<\/div>\n\t\t<\/div> \n\t<\/div> \n\t\t\t<\/div> \n\t\t<\/div>\n\t<\/div> \n<\/div><\/div>","protected":false},"excerpt":{"rendered":"La Escuela de Doctorado de la Universidad de Guyana se complace en anunciar que ha recibido...","protected":false},"author":1,"featured_media":0,"parent":7896,"menu_order":0,"comment_status":"closed","ping_status":"closed","template":"","meta":{"iawp_total_views":740,"footnotes":""},"categories":[],"tags":[],"class_list":["post-8118","page","type-page","status-publish"],"yoast_head":"<!-- This site is optimized with the Yoast SEO plugin v27.6 - https:\/\/yoast.com\/product\/yoast-seo-wordpress\/ -->\n<title>March\u00e9s publics &#8212; Universit\u00e9 de Guyane<\/title>\n<meta name=\"description\" content=\"D\u00e9couvrez les March\u00e9s publics et les opportunit\u00e9s qu&#039;ils offrent. Obtenez des informations essentielles pour r\u00e9ussir vos soumissions et accro\u00eetre vos chances de succ\u00e8s.\" \/>\n<meta name=\"robots\" content=\"index, follow, max-snippet:-1, max-image-preview:large, max-video-preview:-1\" \/>\n<link rel=\"canonical\" href=\"https:\/\/www.univ-guyane.fr\/es\/universite\/marches-publics\/\" \/>\n<meta property=\"og:locale\" content=\"es_ES\" \/>\n<meta property=\"og:type\" content=\"article\" \/>\n<meta property=\"og:title\" content=\"March\u00e9s publics &#8212; Universit\u00e9 de Guyane\" \/>\n<meta property=\"og:description\" content=\"D\u00e9couvrez les March\u00e9s publics et les opportunit\u00e9s qu&#039;ils offrent. Obtenez des informations essentielles pour r\u00e9ussir vos soumissions et accro\u00eetre vos chances de succ\u00e8s.\" \/>\n<meta property=\"og:url\" content=\"https:\/\/www.univ-guyane.fr\/es\/universite\/marches-publics\/\" \/>\n<meta property=\"og:site_name\" content=\"Universit\u00e9 de Guyane\" \/>\n<meta property=\"article:publisher\" content=\"https:\/\/www.facebook.com\/univguyane\" \/>\n<meta property=\"article:modified_time\" content=\"2024-06-04T11:33:31+00:00\" \/>\n<meta property=\"og:image\" content=\"https:\/\/www.univ-guyane.fr\/wp-content\/uploads\/www-site-universite-de-guyane.jpg\" \/>\n\t<meta property=\"og:image:width\" content=\"1200\" \/>\n\t<meta property=\"og:image:height\" content=\"653\" \/>\n\t<meta property=\"og:image:type\" content=\"image\/jpeg\" \/>\n<meta name=\"twitter:card\" content=\"summary_large_image\" \/>\n<meta name=\"twitter:site\" content=\"@univguyane\" \/>\n<meta name=\"twitter:label1\" content=\"Tiempo de lectura\" \/>\n\t<meta name=\"twitter:data1\" content=\"2 minutos\" \/>\n<script type=\"application\/ld+json\" class=\"yoast-schema-graph\">{\"@context\":\"https:\\\/\\\/schema.org\",\"@graph\":[{\"@type\":\"WebPage\",\"@id\":\"https:\\\/\\\/www.univ-guyane.fr\\\/universite\\\/marches-publics\\\/\",\"url\":\"https:\\\/\\\/www.univ-guyane.fr\\\/universite\\\/marches-publics\\\/\",\"name\":\"March\u00e9s publics &#8212; Universit\u00e9 de Guyane\",\"isPartOf\":{\"@id\":\"https:\\\/\\\/www.univ-guyane.fr\\\/#website\"},\"datePublished\":\"2024-06-03T18:51:47+00:00\",\"dateModified\":\"2024-06-04T11:33:31+00:00\",\"description\":\"D\u00e9couvrez les March\u00e9s publics et les opportunit\u00e9s qu'ils offrent. Obtenez des informations essentielles pour r\u00e9ussir vos soumissions et accro\u00eetre vos chances de succ\u00e8s.\",\"breadcrumb\":{\"@id\":\"https:\\\/\\\/www.univ-guyane.fr\\\/universite\\\/marches-publics\\\/#breadcrumb\"},\"inLanguage\":\"es\",\"potentialAction\":[{\"@type\":\"ReadAction\",\"target\":[\"https:\\\/\\\/www.univ-guyane.fr\\\/universite\\\/marches-publics\\\/\"]}]},{\"@type\":\"BreadcrumbList\",\"@id\":\"https:\\\/\\\/www.univ-guyane.fr\\\/universite\\\/marches-publics\\\/#breadcrumb\",\"itemListElement\":[{\"@type\":\"ListItem\",\"position\":1,\"name\":\"Accueil\",\"item\":\"https:\\\/\\\/www.univ-guyane.fr\\\/\"},{\"@type\":\"ListItem\",\"position\":2,\"name\":\"Universit\u00e9\",\"item\":\"https:\\\/\\\/www.univ-guyane.fr\\\/universite\\\/\"},{\"@type\":\"ListItem\",\"position\":3,\"name\":\"March\u00e9s publics\"}]},{\"@type\":\"WebSite\",\"@id\":\"https:\\\/\\\/www.univ-guyane.fr\\\/#website\",\"url\":\"https:\\\/\\\/www.univ-guyane.fr\\\/\",\"name\":\"Universit\u00e9 de Guyane\",\"description\":\"Au c\u0153ur de l&#039;amazonie\",\"publisher\":{\"@id\":\"https:\\\/\\\/www.univ-guyane.fr\\\/#organization\"},\"alternateName\":\"UG\",\"potentialAction\":[{\"@type\":\"SearchAction\",\"target\":{\"@type\":\"EntryPoint\",\"urlTemplate\":\"https:\\\/\\\/www.univ-guyane.fr\\\/?s={search_term_string}\"},\"query-input\":{\"@type\":\"PropertyValueSpecification\",\"valueRequired\":true,\"valueName\":\"search_term_string\"}}],\"inLanguage\":\"es\"},{\"@type\":\"Organization\",\"@id\":\"https:\\\/\\\/www.univ-guyane.fr\\\/#organization\",\"name\":\"Universit\u00e9 de Guyane\",\"alternateName\":\"UG\",\"url\":\"https:\\\/\\\/www.univ-guyane.fr\\\/\",\"logo\":{\"@type\":\"ImageObject\",\"inLanguage\":\"es\",\"@id\":\"https:\\\/\\\/www.univ-guyane.fr\\\/#\\\/schema\\\/logo\\\/image\\\/\",\"url\":\"https:\\\/\\\/www.univ-guyane.fr\\\/wp-content\\\/uploads\\\/2024\\\/05\\\/f.png\",\"contentUrl\":\"https:\\\/\\\/www.univ-guyane.fr\\\/wp-content\\\/uploads\\\/2024\\\/05\\\/f.png\",\"width\":1024,\"height\":1024,\"caption\":\"Universit\u00e9 de Guyane\"},\"image\":{\"@id\":\"https:\\\/\\\/www.univ-guyane.fr\\\/#\\\/schema\\\/logo\\\/image\\\/\"},\"sameAs\":[\"https:\\\/\\\/www.facebook.com\\\/univguyane\",\"https:\\\/\\\/x.com\\\/univguyane\",\"https:\\\/\\\/gf.linkedin.com\\\/school\\\/universite-de-guyane\\\/\",\"https:\\\/\\\/www.instagram.com\\\/univ_guyane\\\/\"]}]}<\/script>\n<!-- \/ Yoast SEO plugin. -->","yoast_head_json":{"title":"March\u00e9s publics &#8212; Universit\u00e9 de Guyane","description":"D\u00e9couvrez les March\u00e9s publics et les opportunit\u00e9s qu'ils offrent. Obtenez des informations essentielles pour r\u00e9ussir vos soumissions et accro\u00eetre vos chances de succ\u00e8s.","robots":{"index":"index","follow":"follow","max-snippet":"max-snippet:-1","max-image-preview":"max-image-preview:large","max-video-preview":"max-video-preview:-1"},"canonical":"https:\/\/www.univ-guyane.fr\/es\/universite\/marches-publics\/","og_locale":"es_ES","og_type":"article","og_title":"March\u00e9s publics &#8212; Universit\u00e9 de Guyane","og_description":"D\u00e9couvrez les March\u00e9s publics et les opportunit\u00e9s qu'ils offrent. Obtenez des informations essentielles pour r\u00e9ussir vos soumissions et accro\u00eetre vos chances de succ\u00e8s.","og_url":"https:\/\/www.univ-guyane.fr\/es\/universite\/marches-publics\/","og_site_name":"Universit\u00e9 de Guyane","article_publisher":"https:\/\/www.facebook.com\/univguyane","article_modified_time":"2024-06-04T11:33:31+00:00","og_image":[{"width":1200,"height":653,"url":"https:\/\/www.univ-guyane.fr\/wp-content\/uploads\/www-site-universite-de-guyane.jpg","type":"image\/jpeg"}],"twitter_card":"summary_large_image","twitter_site":"@univguyane","twitter_misc":{"Tiempo de lectura":"2 minutos"},"schema":{"@context":"https:\/\/schema.org","@graph":[{"@type":"WebPage","@id":"https:\/\/www.univ-guyane.fr\/universite\/marches-publics\/","url":"https:\/\/www.univ-guyane.fr\/universite\/marches-publics\/","name":"March\u00e9s publics &#8212; Universit\u00e9 de Guyane","isPartOf":{"@id":"https:\/\/www.univ-guyane.fr\/#website"},"datePublished":"2024-06-03T18:51:47+00:00","dateModified":"2024-06-04T11:33:31+00:00","description":"D\u00e9couvrez les March\u00e9s publics et les opportunit\u00e9s qu'ils offrent. Obtenez des informations essentielles pour r\u00e9ussir vos soumissions et accro\u00eetre vos chances de succ\u00e8s.","breadcrumb":{"@id":"https:\/\/www.univ-guyane.fr\/universite\/marches-publics\/#breadcrumb"},"inLanguage":"es","potentialAction":[{"@type":"ReadAction","target":["https:\/\/www.univ-guyane.fr\/universite\/marches-publics\/"]}]},{"@type":"BreadcrumbList","@id":"https:\/\/www.univ-guyane.fr\/universite\/marches-publics\/#breadcrumb","itemListElement":[{"@type":"ListItem","position":1,"name":"Accueil","item":"https:\/\/www.univ-guyane.fr\/"},{"@type":"ListItem","position":2,"name":"Universit\u00e9","item":"https:\/\/www.univ-guyane.fr\/universite\/"},{"@type":"ListItem","position":3,"name":"March\u00e9s publics"}]},{"@type":"WebSite","@id":"https:\/\/www.univ-guyane.fr\/#website","url":"https:\/\/www.univ-guyane.fr\/","name":"Universidad de Guyana","description":"En el coraz\u00f3n de la Amazonia","publisher":{"@id":"https:\/\/www.univ-guyane.fr\/#organization"},"alternateName":"UG","potentialAction":[{"@type":"SearchAction","target":{"@type":"EntryPoint","urlTemplate":"https:\/\/www.univ-guyane.fr\/?s={search_term_string}"},"query-input":{"@type":"PropertyValueSpecification","valueRequired":true,"valueName":"search_term_string"}}],"inLanguage":"es"},{"@type":"Organization","@id":"https:\/\/www.univ-guyane.fr\/#organization","name":"Universidad de Guyana","alternateName":"UG","url":"https:\/\/www.univ-guyane.fr\/","logo":{"@type":"ImageObject","inLanguage":"es","@id":"https:\/\/www.univ-guyane.fr\/#\/schema\/logo\/image\/","url":"https:\/\/www.univ-guyane.fr\/wp-content\/uploads\/2024\/05\/f.png","contentUrl":"https:\/\/www.univ-guyane.fr\/wp-content\/uploads\/2024\/05\/f.png","width":1024,"height":1024,"caption":"Universit\u00e9 de Guyane"},"image":{"@id":"https:\/\/www.univ-guyane.fr\/#\/schema\/logo\/image\/"},"sameAs":["https:\/\/www.facebook.com\/univguyane","https:\/\/x.com\/univguyane","https:\/\/gf.linkedin.com\/school\/universite-de-guyane\/","https:\/\/www.instagram.com\/univ_guyane\/"]}]}},"_links":{"self":[{"href":"https:\/\/www.univ-guyane.fr\/es\/wp-json\/wp\/v2\/pages\/8118","targetHints":{"allow":["GET"]}}],"collection":[{"href":"https:\/\/www.univ-guyane.fr\/es\/wp-json\/wp\/v2\/pages"}],"about":[{"href":"https:\/\/www.univ-guyane.fr\/es\/wp-json\/wp\/v2\/types\/page"}],"author":[{"embeddable":true,"href":"https:\/\/www.univ-guyane.fr\/es\/wp-json\/wp\/v2\/users\/1"}],"replies":[{"embeddable":true,"href":"https:\/\/www.univ-guyane.fr\/es\/wp-json\/wp\/v2\/comments?post=8118"}],"version-history":[{"count":4,"href":"https:\/\/www.univ-guyane.fr\/es\/wp-json\/wp\/v2\/pages\/8118\/revisions"}],"predecessor-version":[{"id":8124,"href":"https:\/\/www.univ-guyane.fr\/es\/wp-json\/wp\/v2\/pages\/8118\/revisions\/8124"}],"up":[{"embeddable":true,"href":"https:\/\/www.univ-guyane.fr\/es\/wp-json\/wp\/v2\/pages\/7896"}],"wp:attachment":[{"href":"https:\/\/www.univ-guyane.fr\/es\/wp-json\/wp\/v2\/media?parent=8118"}],"wp:term":[{"taxonomy":"category","embeddable":true,"href":"https:\/\/www.univ-guyane.fr\/es\/wp-json\/wp\/v2\/categories?post=8118"},{"taxonomy":"post_tag","embeddable":true,"href":"https:\/\/www.univ-guyane.fr\/es\/wp-json\/wp\/v2\/tags?post=8118"}],"curies":[{"name":"wp","href":"https:\/\/api.w.org\/{rel}","templated":true}]}}