{"id":6143,"date":"2024-05-14T12:17:36","date_gmt":"2024-05-14T15:17:36","guid":{"rendered":"https:\/\/www.univ-guyane.fr\/?page_id=6143"},"modified":"2024-05-29T07:40:07","modified_gmt":"2024-05-29T10:40:07","slug":"choisir-sa-formation","status":"publish","type":"page","link":"https:\/\/www.univ-guyane.fr\/pt\/choisir-sa-formation\/","title":{"rendered":"Escolhendo seu curso"},"content":{"rendered":"<div id=\"fws_69d289d77700c\"  data-column-margin=\"default\" data-midnight=\"dark\"  class=\"wpb_row vc_row-fluid vc_row\"  style=\"padding-top: 0px; padding-bottom: 0px; \"><div class=\"row-bg-wrap\" data-bg-animation=\"none\" data-bg-animation-delay=\"\" data-bg-overlay=\"false\"><div class=\"inner-wrap row-bg-layer\" ><div class=\"row-bg viewport-desktop\"  style=\"\"><\/div><\/div><\/div><div class=\"row_col_wrap_12 col span_12 dark left\">\n\t<div  class=\"vc_col-sm-12 wpb_column column_container vc_column_container col no-extra-padding inherit_tablet inherit_phone\"  data-padding-pos=\"all\" data-has-bg-color=\"false\" data-bg-color=\"\" data-bg-opacity=\"1\" data-animation=\"\" data-delay=\"0\" >\n\t\t<div class=\"vc_column-inner\" >\n\t\t\t<div class=\"wpb_wrapper\">\n\t\t\t\t<div class=\"templatera_shortcode\">\n\t\t<div id=\"fws_69d289d7778ae\"  data-column-margin=\"default\" data-midnight=\"dark\"  class=\"wpb_row vc_row-fluid vc_row\"  style=\"padding-top: 0px; padding-bottom: 0px; \"><div class=\"row-bg-wrap\" data-bg-animation=\"none\" data-bg-animation-delay=\"\" data-bg-overlay=\"false\"><div class=\"inner-wrap row-bg-layer\" ><div class=\"row-bg viewport-desktop\"  style=\"\"><\/div><\/div><\/div><div class=\"row_col_wrap_12 col span_12 dark left\">\n\t<div  class=\"vc_col-sm-12 wpb_column column_container vc_column_container col no-extra-padding inherit_tablet inherit_phone\"  data-padding-pos=\"all\" data-has-bg-color=\"false\" data-bg-color=\"\" data-bg-opacity=\"1\" data-animation=\"\" data-delay=\"0\" >\n\t\t<div class=\"vc_column-inner\" >\n\t\t\t<div class=\"wpb_wrapper\">\n\t\t\t\t<div class='nectar-post-grid-wrap ug_composantes text-color-light spacing-10px' data-el-settings='{\"post_type\":\"custom\",\"pagination\":\"none\",\"image_size\":\"large\",\"parallax_scrolling\":\"yes\",\"aspect_ratio_image_size\":\"\",\"category_position\":\"default\",\"category_display\":\"default\",\"display_categories\":\"0\",\"display_excerpt\":\"0\",\"excerpt_length\":\"20\",\"content_next_to_image_excerpt_pos\":\"default\",\"display_date\":\"0\",\"display_estimated_reading_time\":\"0\",\"display_author\":\"0\",\"author_functionality\":\"default\",\"author_position\":\"default\",\"color_overlay\":\"#00767c\",\"color_overlay_opacity\":\"0.8\",\"color_overlay_hover_opacity\":\"0.5\",\"card_bg_color\":\"\",\"grid_style\":\"content_overlaid\",\"hover_effect\":\"zoom\",\"post_title_overlay\":\"\",\"heading_tag\":\"default\",\"heading_tag_render\":\"default\",\"enable_gallery_lightbox\":\"0\",\"remove_links\":\"0\",\"category_style\":\"underline\",\"overlay_secondary_project_image\":\"\",\"vertical_list_hover_effect\":\"none\",\"vertical_list_read_more\":\"\",\"vertical_list_read_more_style\":\"text\",\"read_more_button\":\"0\",\"animation\":\"none\",\"custom_fields\":\"\",\"custom_fields_location\":\"before_post_meta\",\"display_type\":\"grid\",\"text_content_layout\":\"all_bottom_left\"}' data-style='content_overlaid' data-query='{\"post_type\":\"custom\",\"posts_per_page\":\"12\",\"order\":\"ASC\",\"orderby\":\"title\",\"offset\":\"0\",\"cpt_name\":\"page\",\"custom_query_tax\":\"205, 207, 209, 210, 211, 206, 204, 208\",\"ignore_sticky_posts\":\"\",\"exclude_current_post\":\"\"}' data-load-more-color='black' data-load-more-text='Load More'><div class=\"nectar-post-grid-filters\" data-active-color=\"default\" data-align=\"default\" data-animation=\"none\" data-sortable=\"\"><div><a href=\"#\" class=\"active all-filter\" data-filter=\"205, 207, 209, 210, 211, 206, 204, 208\" data-total-count=\"7\">Todos<\/a><a href=\"#\" data-filter=\"211\" data-total-count=\"1\">DFPU<\/a><a href=\"#\" data-filter=\"205\" data-total-count=\"1\">DFR LSH<\/a><a href=\"#\" data-filter=\"207\" data-total-count=\"1\">DFR Sa\u00fade<\/a><a href=\"#\" data-filter=\"208\" data-total-count=\"1\">DFR SJE<\/a><a href=\"#\" data-filter=\"209\" data-total-count=\"1\">DFR ST<\/a><a href=\"#\" data-filter=\"210\" data-total-count=\"0\">ED<\/a><a href=\"#\" data-filter=\"206\" data-total-count=\"1\">INSPE<\/a><a href=\"#\" data-filter=\"204\" data-total-count=\"1\">IUT<\/a><\/div><\/div><div class=\"nectar-post-grid custom_font_size_24px text-opacity-1 text-opacity-hover-1 category-position-before-title\" data-indicator=\"\" data-indicator-style=\"default\" data-indicator-text-color=\"#fff\" data-indicator-color=\"#000\" data-indicator-text=\"View\" data-columns=\"3\" data-hover-effect=\"zoom\" data-text-style=\"default\" data-border-radius=\"5px\" data-grid-item-height=\"40vh\" data-grid-spacing=\"10px\" data-text-layout=\"all_bottom_left\" data-text-color=\"light\" data-text-hover-color=\"light\" data-shadow-hover=\"\" data-animation=\"none\" data-animation-stagger=\"90\" data-cat-click=\"default\" style=\"--post-grid-border-radius:5px;\" ><div class=\"nectar-post-grid-item\" data-post-id=\"6121\" data-has-img=\"true\"> <div class=\"inner\"><div class=\"nectar-post-grid-item-bg-wrap\"><div class=\"nectar-el-parallax-scroll__wrap\"><div class=\"nectar-el-parallax-scroll\" data-scroll-animation=\"true\" data-scroll-animation-mobile=\"true\" data-scroll-animation-intensity=\"-0.75\" data-scroll-animation-lerp=\"1\"><div class=\"nectar-post-grid-item-bg-wrap-inner\"><div class=\"nectar-post-grid-item-bg\"><img decoding=\"async\" width=\"1024\" height=\"576\" src=\"https:\/\/www.univ-guyane.fr\/wp-content\/uploads\/dfpu-formation-continue-universite-de-guyane-1024x576.jpg\" class=\"attachment-large size-large wp-post-image\" alt=\"DFPU - Direction de la Formation Continue Universitaire\" srcset=\"https:\/\/www.univ-guyane.fr\/wp-content\/uploads\/dfpu-formation-continue-universite-de-guyane-1024x576.jpg 1024w, https:\/\/www.univ-guyane.fr\/wp-content\/uploads\/dfpu-formation-continue-universite-de-guyane-300x169.jpg 300w, https:\/\/www.univ-guyane.fr\/wp-content\/uploads\/dfpu-formation-continue-universite-de-guyane-768x432.jpg 768w, https:\/\/www.univ-guyane.fr\/wp-content\/uploads\/dfpu-formation-continue-universite-de-guyane-1536x864.jpg 1536w, https:\/\/www.univ-guyane.fr\/wp-content\/uploads\/dfpu-formation-continue-universite-de-guyane.jpg 1800w\" sizes=\"(max-width: 1024px) 100vw, 1024px\" \/><\/div><\/div><\/div><\/div><\/div><div class=\"bg-overlay\" style=\" background-color: #00767c;\" data-opacity=\"0.8\" data-hover-opacity=\"0.5\"><\/div><div class=\"content\"><a class=\"nectar-post-grid-link\" href=\"https:\/\/www.univ-guyane.fr\/pt\/choisir-sa-formation\/formation-continue\/\" ><span class=\"screen-reader-text\">Educa\u00e7\u00e3o continuada<\/span><\/a><div class=\"item-main\"><h3 class=\"post-heading\"><span>Educa\u00e7\u00e3o continuada<\/span><\/h3><\/div><\/div><\/div><\/div><div class=\"nectar-post-grid-item\" data-post-id=\"6127\" data-has-img=\"true\"> <div class=\"inner\"><div class=\"nectar-post-grid-item-bg-wrap\"><div class=\"nectar-el-parallax-scroll__wrap\"><div class=\"nectar-el-parallax-scroll\" data-scroll-animation=\"true\" data-scroll-animation-mobile=\"true\" data-scroll-animation-intensity=\"-0.75\" data-scroll-animation-lerp=\"1\"><div class=\"nectar-post-grid-item-bg-wrap-inner\"><div class=\"nectar-post-grid-item-bg\"><img decoding=\"async\" width=\"1024\" height=\"576\" src=\"https:\/\/www.univ-guyane.fr\/wp-content\/uploads\/inspe-hero-universite-de-guyane-1024x576.jpg\" class=\"attachment-large size-large wp-post-image\" alt=\"INSPE Institut National Sup\u00e9rieur du Professorat et de l&#039;Education\" srcset=\"https:\/\/www.univ-guyane.fr\/wp-content\/uploads\/inspe-hero-universite-de-guyane-1024x576.jpg 1024w, https:\/\/www.univ-guyane.fr\/wp-content\/uploads\/inspe-hero-universite-de-guyane-300x169.jpg 300w, https:\/\/www.univ-guyane.fr\/wp-content\/uploads\/inspe-hero-universite-de-guyane-768x432.jpg 768w, https:\/\/www.univ-guyane.fr\/wp-content\/uploads\/inspe-hero-universite-de-guyane-1536x864.jpg 1536w, https:\/\/www.univ-guyane.fr\/wp-content\/uploads\/inspe-hero-universite-de-guyane.jpg 1800w\" sizes=\"(max-width: 1024px) 100vw, 1024px\" \/><\/div><\/div><\/div><\/div><\/div><div class=\"bg-overlay\" style=\" background-color: #00767c;\" data-opacity=\"0.8\" data-hover-opacity=\"0.5\"><\/div><div class=\"content\"><a class=\"nectar-post-grid-link\" href=\"https:\/\/www.univ-guyane.fr\/pt\/choisir-sa-formation\/inspe\/\" ><span class=\"screen-reader-text\">Instituto Nacional Superior do Professorado e da Educa\u00e7\u00e3o - INSP\u00c9<\/span><\/a><div class=\"item-main\"><h3 class=\"post-heading\"><span>Instituto Nacional Superior do Professorado e da Educa\u00e7\u00e3o - INSP\u00c9<\/span><\/h3><\/div><\/div><\/div><\/div><div class=\"nectar-post-grid-item\" data-post-id=\"6129\" data-has-img=\"true\"> <div class=\"inner\"><div class=\"nectar-post-grid-item-bg-wrap\"><div class=\"nectar-el-parallax-scroll__wrap\"><div class=\"nectar-el-parallax-scroll\" data-scroll-animation=\"true\" data-scroll-animation-mobile=\"true\" data-scroll-animation-intensity=\"-0.75\" data-scroll-animation-lerp=\"1\"><div class=\"nectar-post-grid-item-bg-wrap-inner\"><div class=\"nectar-post-grid-item-bg\"><img decoding=\"async\" width=\"1024\" height=\"576\" src=\"https:\/\/www.univ-guyane.fr\/wp-content\/uploads\/institut-universitaire-de-technologie-hero-universite-de-guyane-1024x576.jpg\" class=\"attachment-large size-large wp-post-image\" alt=\"IUT - Institut Universitaire de Technologie\" srcset=\"https:\/\/www.univ-guyane.fr\/wp-content\/uploads\/institut-universitaire-de-technologie-hero-universite-de-guyane-1024x576.jpg 1024w, https:\/\/www.univ-guyane.fr\/wp-content\/uploads\/institut-universitaire-de-technologie-hero-universite-de-guyane-300x169.jpg 300w, https:\/\/www.univ-guyane.fr\/wp-content\/uploads\/institut-universitaire-de-technologie-hero-universite-de-guyane-768x432.jpg 768w, https:\/\/www.univ-guyane.fr\/wp-content\/uploads\/institut-universitaire-de-technologie-hero-universite-de-guyane-1536x864.jpg 1536w, https:\/\/www.univ-guyane.fr\/wp-content\/uploads\/institut-universitaire-de-technologie-hero-universite-de-guyane.jpg 1800w\" sizes=\"(max-width: 1024px) 100vw, 1024px\" \/><\/div><\/div><\/div><\/div><\/div><div class=\"bg-overlay\" style=\" background-color: #00767c;\" data-opacity=\"0.8\" data-hover-opacity=\"0.5\"><\/div><div class=\"content\"><a class=\"nectar-post-grid-link\" href=\"https:\/\/www.univ-guyane.fr\/pt\/choisir-sa-formation\/iut\/\" ><span class=\"screen-reader-text\">Instituto Universit\u00e1rio de Tecnologia - IUT de Kourou<\/span><\/a><div class=\"item-main\"><h3 class=\"post-heading\"><span>Instituto Universit\u00e1rio de Tecnologia - IUT de Kourou<\/span><\/h3><\/div><\/div><\/div><\/div><div class=\"nectar-post-grid-item\" data-post-id=\"6123\" data-has-img=\"true\"> <div class=\"inner\"><div class=\"nectar-post-grid-item-bg-wrap\"><div class=\"nectar-el-parallax-scroll__wrap\"><div class=\"nectar-el-parallax-scroll\" data-scroll-animation=\"true\" data-scroll-animation-mobile=\"true\" data-scroll-animation-intensity=\"-0.75\" data-scroll-animation-lerp=\"1\"><div class=\"nectar-post-grid-item-bg-wrap-inner\"><div class=\"nectar-post-grid-item-bg\"><img decoding=\"async\" width=\"1024\" height=\"576\" src=\"https:\/\/www.univ-guyane.fr\/wp-content\/uploads\/lettres-et-sciences-humaines-universite-de-guyane-1024x576.jpg\" class=\"attachment-large size-large wp-post-image\" alt=\"Lettres et Sciences Humaines\" srcset=\"https:\/\/www.univ-guyane.fr\/wp-content\/uploads\/lettres-et-sciences-humaines-universite-de-guyane-1024x576.jpg 1024w, https:\/\/www.univ-guyane.fr\/wp-content\/uploads\/lettres-et-sciences-humaines-universite-de-guyane-300x169.jpg 300w, https:\/\/www.univ-guyane.fr\/wp-content\/uploads\/lettres-et-sciences-humaines-universite-de-guyane-768x432.jpg 768w, https:\/\/www.univ-guyane.fr\/wp-content\/uploads\/lettres-et-sciences-humaines-universite-de-guyane-1536x864.jpg 1536w, https:\/\/www.univ-guyane.fr\/wp-content\/uploads\/lettres-et-sciences-humaines-universite-de-guyane.jpg 1800w\" sizes=\"(max-width: 1024px) 100vw, 1024px\" \/><\/div><\/div><\/div><\/div><\/div><div class=\"bg-overlay\" style=\" background-color: #00767c;\" data-opacity=\"0.8\" data-hover-opacity=\"0.5\"><\/div><div class=\"content\"><a class=\"nectar-post-grid-link\" href=\"https:\/\/www.univ-guyane.fr\/pt\/choisir-sa-formation\/dfr-lettres-et-sciences-humaines\/\" ><span class=\"screen-reader-text\">Ci\u00eancias Humanas<\/span><\/a><div class=\"item-main\"><h3 class=\"post-heading\"><span>Ci\u00eancias Humanas<\/span><\/h3><\/div><\/div><\/div><\/div><div class=\"nectar-post-grid-item\" data-post-id=\"6131\" data-has-img=\"true\"> <div class=\"inner\"><div class=\"nectar-post-grid-item-bg-wrap\"><div class=\"nectar-el-parallax-scroll__wrap\"><div class=\"nectar-el-parallax-scroll\" data-scroll-animation=\"true\" data-scroll-animation-mobile=\"true\" data-scroll-animation-intensity=\"-0.75\" data-scroll-animation-lerp=\"1\"><div class=\"nectar-post-grid-item-bg-wrap-inner\"><div class=\"nectar-post-grid-item-bg\"><img decoding=\"async\" width=\"1024\" height=\"576\" src=\"https:\/\/www.univ-guyane.fr\/wp-content\/uploads\/sante-hero-universite-de-guyane-1024x576.jpg\" class=\"attachment-large size-large wp-post-image\" alt=\"DFR sant\u00e9\" srcset=\"https:\/\/www.univ-guyane.fr\/wp-content\/uploads\/sante-hero-universite-de-guyane-1024x576.jpg 1024w, https:\/\/www.univ-guyane.fr\/wp-content\/uploads\/sante-hero-universite-de-guyane-300x169.jpg 300w, https:\/\/www.univ-guyane.fr\/wp-content\/uploads\/sante-hero-universite-de-guyane-768x432.jpg 768w, https:\/\/www.univ-guyane.fr\/wp-content\/uploads\/sante-hero-universite-de-guyane-1536x864.jpg 1536w, https:\/\/www.univ-guyane.fr\/wp-content\/uploads\/sante-hero-universite-de-guyane.jpg 1800w\" sizes=\"(max-width: 1024px) 100vw, 1024px\" \/><\/div><\/div><\/div><\/div><\/div><div class=\"bg-overlay\" style=\" background-color: #00767c;\" data-opacity=\"0.8\" data-hover-opacity=\"0.5\"><\/div><div class=\"content\"><a class=\"nectar-post-grid-link\" href=\"https:\/\/www.univ-guyane.fr\/pt\/choisir-sa-formation\/ufr-sante\/\" ><span class=\"screen-reader-text\">Sa\u00fade<\/span><\/a><div class=\"item-main\"><h3 class=\"post-heading\"><span>Sa\u00fade<\/span><\/h3><\/div><\/div><\/div><\/div><div class=\"nectar-post-grid-item\" data-post-id=\"6133\" data-has-img=\"true\"> <div class=\"inner\"><div class=\"nectar-post-grid-item-bg-wrap\"><div class=\"nectar-el-parallax-scroll__wrap\"><div class=\"nectar-el-parallax-scroll\" data-scroll-animation=\"true\" data-scroll-animation-mobile=\"true\" data-scroll-animation-intensity=\"-0.75\" data-scroll-animation-lerp=\"1\"><div class=\"nectar-post-grid-item-bg-wrap-inner\"><div class=\"nectar-post-grid-item-bg\"><img decoding=\"async\" width=\"1024\" height=\"576\" src=\"https:\/\/www.univ-guyane.fr\/wp-content\/uploads\/sciences-et-technologies-hero-universite-de-guyane-1024x576.jpg\" class=\"attachment-large size-large wp-post-image\" alt=\"Sciences et Technologies\" srcset=\"https:\/\/www.univ-guyane.fr\/wp-content\/uploads\/sciences-et-technologies-hero-universite-de-guyane-1024x576.jpg 1024w, https:\/\/www.univ-guyane.fr\/wp-content\/uploads\/sciences-et-technologies-hero-universite-de-guyane-300x169.jpg 300w, https:\/\/www.univ-guyane.fr\/wp-content\/uploads\/sciences-et-technologies-hero-universite-de-guyane-768x432.jpg 768w, https:\/\/www.univ-guyane.fr\/wp-content\/uploads\/sciences-et-technologies-hero-universite-de-guyane-1536x864.jpg 1536w, https:\/\/www.univ-guyane.fr\/wp-content\/uploads\/sciences-et-technologies-hero-universite-de-guyane.jpg 1800w\" sizes=\"(max-width: 1024px) 100vw, 1024px\" \/><\/div><\/div><\/div><\/div><\/div><div class=\"bg-overlay\" style=\" background-color: #00767c;\" data-opacity=\"0.8\" data-hover-opacity=\"0.5\"><\/div><div class=\"content\"><a class=\"nectar-post-grid-link\" href=\"https:\/\/www.univ-guyane.fr\/pt\/choisir-sa-formation\/dfr-sciences-et-technologies\/\" ><span class=\"screen-reader-text\">Ci\u00eancia e tecnologia<\/span><\/a><div class=\"item-main\"><h3 class=\"post-heading\"><span>Ci\u00eancia e tecnologia<\/span><\/h3><\/div><\/div><\/div><\/div><div class=\"nectar-post-grid-item\" data-post-id=\"6135\" data-has-img=\"true\"> <div class=\"inner\"><div class=\"nectar-post-grid-item-bg-wrap\"><div class=\"nectar-el-parallax-scroll__wrap\"><div class=\"nectar-el-parallax-scroll\" data-scroll-animation=\"true\" data-scroll-animation-mobile=\"true\" data-scroll-animation-intensity=\"-0.75\" data-scroll-animation-lerp=\"1\"><div class=\"nectar-post-grid-item-bg-wrap-inner\"><div class=\"nectar-post-grid-item-bg\"><img decoding=\"async\" width=\"1024\" height=\"576\" src=\"https:\/\/www.univ-guyane.fr\/wp-content\/uploads\/sciences-juridiques-et-economiques-hero-universite-de-guyane-1024x576.jpg\" class=\"attachment-large size-large wp-post-image\" alt=\"Sciences Juridiques et Economoques\" srcset=\"https:\/\/www.univ-guyane.fr\/wp-content\/uploads\/sciences-juridiques-et-economiques-hero-universite-de-guyane-1024x576.jpg 1024w, https:\/\/www.univ-guyane.fr\/wp-content\/uploads\/sciences-juridiques-et-economiques-hero-universite-de-guyane-300x169.jpg 300w, https:\/\/www.univ-guyane.fr\/wp-content\/uploads\/sciences-juridiques-et-economiques-hero-universite-de-guyane-768x432.jpg 768w, https:\/\/www.univ-guyane.fr\/wp-content\/uploads\/sciences-juridiques-et-economiques-hero-universite-de-guyane-1536x864.jpg 1536w, https:\/\/www.univ-guyane.fr\/wp-content\/uploads\/sciences-juridiques-et-economiques-hero-universite-de-guyane.jpg 1800w\" sizes=\"(max-width: 1024px) 100vw, 1024px\" \/><\/div><\/div><\/div><\/div><\/div><div class=\"bg-overlay\" style=\" background-color: #00767c;\" data-opacity=\"0.8\" data-hover-opacity=\"0.5\"><\/div><div class=\"content\"><a class=\"nectar-post-grid-link\" href=\"https:\/\/www.univ-guyane.fr\/pt\/choisir-sa-formation\/dfr-sciences-juridiques-et-economiques\/\" ><span class=\"screen-reader-text\">Ci\u00eancias jur\u00eddicas e econ\u00f4micas<\/span><\/a><div class=\"item-main\"><h3 class=\"post-heading\"><span>Ci\u00eancias jur\u00eddicas e econ\u00f4micas<\/span><\/h3><\/div><\/div><\/div><\/div><\/div><\/div>\n\t\t\t<\/div> \n\t\t<\/div>\n\t<\/div> \n<\/div><\/div><\/div>\n\t\t\t<\/div> \n\t\t<\/div>\n\t<\/div> \n<\/div><\/div>","protected":false},"excerpt":{"rendered":"O Departamento de Direito e Economia da Universidade da Guiana combina a busca pela excel\u00eancia...","protected":false},"author":1,"featured_media":0,"parent":0,"menu_order":0,"comment_status":"closed","ping_status":"closed","template":"","meta":{"iawp_total_views":44031,"footnotes":""},"categories":[],"tags":[],"class_list":["post-6143","page","type-page","status-publish"],"yoast_head":"<!-- This site is optimized with the Yoast SEO plugin v27.3 - https:\/\/yoast.com\/product\/yoast-seo-wordpress\/ -->\n<title>Choisir sa formation &#8212; Universit\u00e9 de Guyane<\/title>\n<meta name=\"robots\" content=\"index, follow, max-snippet:-1, max-image-preview:large, max-video-preview:-1\" \/>\n<link rel=\"canonical\" href=\"https:\/\/www.univ-guyane.fr\/pt\/choisir-sa-formation\/\" \/>\n<meta property=\"og:locale\" content=\"pt_BR\" \/>\n<meta property=\"og:type\" content=\"article\" \/>\n<meta property=\"og:title\" content=\"Choisir sa formation &#8212; Universit\u00e9 de Guyane\" \/>\n<meta property=\"og:url\" content=\"https:\/\/www.univ-guyane.fr\/pt\/choisir-sa-formation\/\" \/>\n<meta property=\"og:site_name\" content=\"Universit\u00e9 de Guyane\" \/>\n<meta property=\"article:publisher\" content=\"https:\/\/www.facebook.com\/univguyane\" \/>\n<meta property=\"article:modified_time\" content=\"2024-05-29T10:40:07+00:00\" \/>\n<meta property=\"og:image\" content=\"https:\/\/www.univ-guyane.fr\/wp-content\/uploads\/www-site-universite-de-guyane.jpg\" \/>\n\t<meta property=\"og:image:width\" content=\"1200\" \/>\n\t<meta property=\"og:image:height\" content=\"653\" \/>\n\t<meta property=\"og:image:type\" content=\"image\/jpeg\" \/>\n<meta name=\"twitter:card\" content=\"summary_large_image\" \/>\n<meta name=\"twitter:site\" content=\"@univguyane\" \/>\n<meta name=\"twitter:label1\" content=\"Est. tempo de leitura\" \/>\n\t<meta name=\"twitter:data1\" content=\"1 minuto\" \/>\n<script type=\"application\/ld+json\" class=\"yoast-schema-graph\">{\"@context\":\"https:\\\/\\\/schema.org\",\"@graph\":[{\"@type\":\"WebPage\",\"@id\":\"https:\\\/\\\/www.univ-guyane.fr\\\/choisir-sa-formation\\\/\",\"url\":\"https:\\\/\\\/www.univ-guyane.fr\\\/choisir-sa-formation\\\/\",\"name\":\"Choisir sa formation &#8212; Universit\u00e9 de Guyane\",\"isPartOf\":{\"@id\":\"https:\\\/\\\/www.univ-guyane.fr\\\/#website\"},\"datePublished\":\"2024-05-14T15:17:36+00:00\",\"dateModified\":\"2024-05-29T10:40:07+00:00\",\"breadcrumb\":{\"@id\":\"https:\\\/\\\/www.univ-guyane.fr\\\/choisir-sa-formation\\\/#breadcrumb\"},\"inLanguage\":\"pt-BR\",\"potentialAction\":[{\"@type\":\"ReadAction\",\"target\":[\"https:\\\/\\\/www.univ-guyane.fr\\\/choisir-sa-formation\\\/\"]}]},{\"@type\":\"BreadcrumbList\",\"@id\":\"https:\\\/\\\/www.univ-guyane.fr\\\/choisir-sa-formation\\\/#breadcrumb\",\"itemListElement\":[{\"@type\":\"ListItem\",\"position\":1,\"name\":\"Accueil\",\"item\":\"https:\\\/\\\/www.univ-guyane.fr\\\/\"},{\"@type\":\"ListItem\",\"position\":2,\"name\":\"Choisir sa formation\"}]},{\"@type\":\"WebSite\",\"@id\":\"https:\\\/\\\/www.univ-guyane.fr\\\/#website\",\"url\":\"https:\\\/\\\/www.univ-guyane.fr\\\/\",\"name\":\"Universit\u00e9 de Guyane\",\"description\":\"Au c\u0153ur de l&#039;amazonie\",\"publisher\":{\"@id\":\"https:\\\/\\\/www.univ-guyane.fr\\\/#organization\"},\"alternateName\":\"UG\",\"potentialAction\":[{\"@type\":\"SearchAction\",\"target\":{\"@type\":\"EntryPoint\",\"urlTemplate\":\"https:\\\/\\\/www.univ-guyane.fr\\\/?s={search_term_string}\"},\"query-input\":{\"@type\":\"PropertyValueSpecification\",\"valueRequired\":true,\"valueName\":\"search_term_string\"}}],\"inLanguage\":\"pt-BR\"},{\"@type\":\"Organization\",\"@id\":\"https:\\\/\\\/www.univ-guyane.fr\\\/#organization\",\"name\":\"Universit\u00e9 de Guyane\",\"alternateName\":\"UG\",\"url\":\"https:\\\/\\\/www.univ-guyane.fr\\\/\",\"logo\":{\"@type\":\"ImageObject\",\"inLanguage\":\"pt-BR\",\"@id\":\"https:\\\/\\\/www.univ-guyane.fr\\\/#\\\/schema\\\/logo\\\/image\\\/\",\"url\":\"https:\\\/\\\/www.univ-guyane.fr\\\/wp-content\\\/uploads\\\/2024\\\/05\\\/f.png\",\"contentUrl\":\"https:\\\/\\\/www.univ-guyane.fr\\\/wp-content\\\/uploads\\\/2024\\\/05\\\/f.png\",\"width\":1024,\"height\":1024,\"caption\":\"Universit\u00e9 de Guyane\"},\"image\":{\"@id\":\"https:\\\/\\\/www.univ-guyane.fr\\\/#\\\/schema\\\/logo\\\/image\\\/\"},\"sameAs\":[\"https:\\\/\\\/www.facebook.com\\\/univguyane\",\"https:\\\/\\\/x.com\\\/univguyane\",\"https:\\\/\\\/gf.linkedin.com\\\/school\\\/universite-de-guyane\\\/\",\"https:\\\/\\\/www.instagram.com\\\/univ_guyane\\\/\"]}]}<\/script>\n<!-- \/ Yoast SEO plugin. -->","yoast_head_json":{"title":"Escolhendo seu curso - Universit\u00e9 de Guyane","robots":{"index":"index","follow":"follow","max-snippet":"max-snippet:-1","max-image-preview":"max-image-preview:large","max-video-preview":"max-video-preview:-1"},"canonical":"https:\/\/www.univ-guyane.fr\/pt\/choisir-sa-formation\/","og_locale":"pt_BR","og_type":"article","og_title":"Choisir sa formation &#8212; Universit\u00e9 de Guyane","og_url":"https:\/\/www.univ-guyane.fr\/pt\/choisir-sa-formation\/","og_site_name":"Universit\u00e9 de Guyane","article_publisher":"https:\/\/www.facebook.com\/univguyane","article_modified_time":"2024-05-29T10:40:07+00:00","og_image":[{"width":1200,"height":653,"url":"https:\/\/www.univ-guyane.fr\/wp-content\/uploads\/www-site-universite-de-guyane.jpg","type":"image\/jpeg"}],"twitter_card":"summary_large_image","twitter_site":"@univguyane","twitter_misc":{"Est. tempo de leitura":"1 minuto"},"schema":{"@context":"https:\/\/schema.org","@graph":[{"@type":"WebPage","@id":"https:\/\/www.univ-guyane.fr\/choisir-sa-formation\/","url":"https:\/\/www.univ-guyane.fr\/choisir-sa-formation\/","name":"Escolhendo seu curso - Universit\u00e9 de Guyane","isPartOf":{"@id":"https:\/\/www.univ-guyane.fr\/#website"},"datePublished":"2024-05-14T15:17:36+00:00","dateModified":"2024-05-29T10:40:07+00:00","breadcrumb":{"@id":"https:\/\/www.univ-guyane.fr\/choisir-sa-formation\/#breadcrumb"},"inLanguage":"pt-BR","potentialAction":[{"@type":"ReadAction","target":["https:\/\/www.univ-guyane.fr\/choisir-sa-formation\/"]}]},{"@type":"BreadcrumbList","@id":"https:\/\/www.univ-guyane.fr\/choisir-sa-formation\/#breadcrumb","itemListElement":[{"@type":"ListItem","position":1,"name":"Accueil","item":"https:\/\/www.univ-guyane.fr\/"},{"@type":"ListItem","position":2,"name":"Choisir sa formation"}]},{"@type":"WebSite","@id":"https:\/\/www.univ-guyane.fr\/#website","url":"https:\/\/www.univ-guyane.fr\/","name":"Universidade da Guiana","description":"No cora\u00e7\u00e3o da Amaz\u00f4nia","publisher":{"@id":"https:\/\/www.univ-guyane.fr\/#organization"},"alternateName":"UG","potentialAction":[{"@type":"SearchAction","target":{"@type":"EntryPoint","urlTemplate":"https:\/\/www.univ-guyane.fr\/?s={search_term_string}"},"query-input":{"@type":"PropertyValueSpecification","valueRequired":true,"valueName":"search_term_string"}}],"inLanguage":"pt-BR"},{"@type":"Organization","@id":"https:\/\/www.univ-guyane.fr\/#organization","name":"Universidade da Guiana","alternateName":"UG","url":"https:\/\/www.univ-guyane.fr\/","logo":{"@type":"ImageObject","inLanguage":"pt-BR","@id":"https:\/\/www.univ-guyane.fr\/#\/schema\/logo\/image\/","url":"https:\/\/www.univ-guyane.fr\/wp-content\/uploads\/2024\/05\/f.png","contentUrl":"https:\/\/www.univ-guyane.fr\/wp-content\/uploads\/2024\/05\/f.png","width":1024,"height":1024,"caption":"Universit\u00e9 de Guyane"},"image":{"@id":"https:\/\/www.univ-guyane.fr\/#\/schema\/logo\/image\/"},"sameAs":["https:\/\/www.facebook.com\/univguyane","https:\/\/x.com\/univguyane","https:\/\/gf.linkedin.com\/school\/universite-de-guyane\/","https:\/\/www.instagram.com\/univ_guyane\/"]}]}},"_links":{"self":[{"href":"https:\/\/www.univ-guyane.fr\/pt\/wp-json\/wp\/v2\/pages\/6143","targetHints":{"allow":["GET"]}}],"collection":[{"href":"https:\/\/www.univ-guyane.fr\/pt\/wp-json\/wp\/v2\/pages"}],"about":[{"href":"https:\/\/www.univ-guyane.fr\/pt\/wp-json\/wp\/v2\/types\/page"}],"author":[{"embeddable":true,"href":"https:\/\/www.univ-guyane.fr\/pt\/wp-json\/wp\/v2\/users\/1"}],"replies":[{"embeddable":true,"href":"https:\/\/www.univ-guyane.fr\/pt\/wp-json\/wp\/v2\/comments?post=6143"}],"version-history":[{"count":59,"href":"https:\/\/www.univ-guyane.fr\/pt\/wp-json\/wp\/v2\/pages\/6143\/revisions"}],"predecessor-version":[{"id":7789,"href":"https:\/\/www.univ-guyane.fr\/pt\/wp-json\/wp\/v2\/pages\/6143\/revisions\/7789"}],"wp:attachment":[{"href":"https:\/\/www.univ-guyane.fr\/pt\/wp-json\/wp\/v2\/media?parent=6143"}],"wp:term":[{"taxonomy":"category","embeddable":true,"href":"https:\/\/www.univ-guyane.fr\/pt\/wp-json\/wp\/v2\/categories?post=6143"},{"taxonomy":"post_tag","embeddable":true,"href":"https:\/\/www.univ-guyane.fr\/pt\/wp-json\/wp\/v2\/tags?post=6143"}],"curies":[{"name":"wp","href":"https:\/\/api.w.org\/{rel}","templated":true}]}}